{"id":8413,"date":"2024-02-22T14:49:27","date_gmt":"2024-02-22T14:49:27","guid":{"rendered":"https:\/\/www.conferenciaepiscopal.pt\/v1\/?page_id=8413"},"modified":"2024-02-22T15:47:24","modified_gmt":"2024-02-22T15:47:24","slug":"comissoes","status":"publish","type":"page","link":"https:\/\/www.conferenciaepiscopal.pt\/v1\/comissoes\/","title":{"rendered":"Comiss\u00f5es"},"content":{"rendered":"\t\t<div data-elementor-type=\"wp-page\" data-elementor-id=\"8413\" class=\"elementor elementor-8413\" data-elementor-post-type=\"page\">\n\t\t\t\t<div class=\"elementor-element elementor-element-4b660f6 e-flex e-con-boxed e-con e-parent\" data-id=\"4b660f6\" data-element_type=\"container\" data-e-type=\"container\" data-settings=\"{&quot;background_background&quot;:&quot;classic&quot;}\">\n\t\t\t\t\t<div class=\"e-con-inner\">\n\t\t\t\t<div class=\"elementor-element elementor-element-8ca1f08 elementor-widget elementor-widget-heading\" data-id=\"8ca1f08\" data-element_type=\"widget\" data-e-type=\"widget\" data-widget_type=\"heading.default\">\n\t\t\t\t<div class=\"elementor-widget-container\">\n\t\t\t\t\t<h2 class=\"elementor-heading-title elementor-size-default\">COMISS\u00d5ES EPISCOPAIS<\/h2>\t\t\t\t<\/div>\n\t\t\t\t<\/div>\n\t\t\t\t<div class=\"elementor-element elementor-element-4ed3ef1 elementor-widget elementor-widget-text-editor\" data-id=\"4ed3ef1\" data-element_type=\"widget\" data-e-type=\"widget\" data-widget_type=\"text-editor.default\">\n\t\t\t\t<div class=\"elementor-widget-container\">\n\t\t\t\t\t\t\t\t\t<p>Tri\u00e9nio 2023 \/ 2026<\/p>\t\t\t\t\t\t\t\t<\/div>\n\t\t\t\t<\/div>\n\t\t\t\t\t<\/div>\n\t\t\t\t<\/div>\n\t\t<div class=\"elementor-element elementor-element-123853e e-flex e-con-boxed e-con e-parent\" data-id=\"123853e\" data-element_type=\"container\" data-e-type=\"container\">\n\t\t\t\t\t<div class=\"e-con-inner\">\n\t\t<div class=\"elementor-element elementor-element-de89816 e-flex e-con-boxed e-con e-child\" data-id=\"de89816\" data-element_type=\"container\" data-e-type=\"container\">\n\t\t\t\t\t<div class=\"e-con-inner\">\n\t\t<div class=\"elementor-element elementor-element-77a5cba e-flex e-con-boxed e-con e-child\" data-id=\"77a5cba\" data-element_type=\"container\" data-e-type=\"container\">\n\t\t\t\t\t<div class=\"e-con-inner\">\n\t\t\t\t<div class=\"elementor-element elementor-element-3569493 elementor-widget elementor-widget-text-editor\" data-id=\"3569493\" data-element_type=\"widget\" data-e-type=\"widget\" data-widget_type=\"text-editor.default\">\n\t\t\t\t<div class=\"elementor-widget-container\">\n\t\t\t\t\t\t\t\t\t<h3 class=\"entry-title\">Pastoral Social e Mobilidade Humana<\/h3><div class=\"post-content\"><div class=\"post-content-inner et_pb_blog_show_content\"><table width=\"624\"><tbody><tr><td style=\"width: 128.922px;\"><em>Presidente<\/em><\/td><td style=\"width: 479.078px;\">D. Jos\u00e9 Augusto Traquina Maria<\/td><\/tr><tr><td style=\"width: 128.922px;\"><em>Vogais<\/em><\/td><td style=\"width: 479.078px;\">D. Joaquim Augusto da Silva Mendes<br \/>D. Manuel Neto Quintas<br \/>D. Ant\u00f3nio Luciano dos Santos Costa<br \/>D. Roberto Rosmaninho Mariz<\/td><\/tr><tr><td style=\"width: 128.922px;\"><em>Secret\u00e1rio<\/em><\/td><td style=\"width: 479.078px;\">P. Jos\u00e9 Manuel Pereira de Almeida<\/td><\/tr><\/tbody><\/table><\/div><\/div><div class=\"post-content\">\u00a0<\/div>\t\t\t\t\t\t\t\t<\/div>\n\t\t\t\t<\/div>\n\t\t\t\t<div class=\"elementor-element elementor-element-04e1bc8 elementor-widget elementor-widget-text-editor\" data-id=\"04e1bc8\" data-element_type=\"widget\" data-e-type=\"widget\" data-widget_type=\"text-editor.default\">\n\t\t\t\t<div class=\"elementor-widget-container\">\n\t\t\t\t\t\t\t\t\t<h3 class=\"entry-title\">Educa\u00e7\u00e3o Crist\u00e3 e Doutrina da F\u00e9<\/h3><div class=\"post-content\"><div class=\"post-content-inner et_pb_blog_show_content\"><table width=\"623\"><tbody><tr><td style=\"width: 121.094px;\"><em>Presidente<\/em><\/td><td style=\"width: 485.906px;\">D. Ant\u00f3nio Augusto de Oliveira Azevedo<\/td><\/tr><tr><td style=\"width: 121.094px;\"><em>Vogais<\/em><\/td><td style=\"width: 485.906px;\">D. Ant\u00f3nio Manuel Moiteiro Ramos<br \/>D. Manuel da Rocha Fel\u00edcio<br \/>D. Delfim Jorge Esteves Gomes<\/td><\/tr><tr><td style=\"width: 121.094px;\"><em>Secret\u00e1rio<\/em><\/td><td style=\"width: 485.906px;\">Dr. Fernando Augusto Teixeira Moita<\/td><\/tr><\/tbody><\/table><\/div><\/div>\t\t\t\t\t\t\t\t<\/div>\n\t\t\t\t<\/div>\n\t\t\t\t<div class=\"elementor-element elementor-element-764cce8 elementor-widget elementor-widget-text-editor\" data-id=\"764cce8\" data-element_type=\"widget\" data-e-type=\"widget\" data-widget_type=\"text-editor.default\">\n\t\t\t\t<div class=\"elementor-widget-container\">\n\t\t\t\t\t\t\t\t\t<h3 class=\"entry-title\">Voca\u00e7\u00f5es e Minist\u00e9rios<\/h3><div class=\"post-content\"><div class=\"post-content-inner et_pb_blog_show_content\"><table width=\"624\"><tbody><tr><td style=\"width: 129.953px;\"><em>Presidente<\/em><\/td><td style=\"width: 478.047px;\">D. Vitorino Jos\u00e9 Pereira Soares<\/td><\/tr><tr><td style=\"width: 129.953px;\"><em>Vogais<\/em><\/td><td style=\"width: 478.047px;\">D. Ant\u00f3nio Luciano dos Santos Costa<br \/>D. Joaquim Augusto da Silva Mendes<br \/>D. Joaquim Proen\u00e7a Dion\u00edsio<\/td><\/tr><tr><td style=\"width: 129.953px;\"><em>Secret\u00e1rio<\/em><\/td><td style=\"width: 478.047px;\">P. Ant\u00f3nio Jorge Santos Almeida<\/td><\/tr><\/tbody><\/table><\/div><\/div><div class=\"post-content\">\u00a0<\/div><div class=\"post-content\">\u00a0<\/div>\t\t\t\t\t\t\t\t<\/div>\n\t\t\t\t<\/div>\n\t\t\t\t\t<\/div>\n\t\t\t\t<\/div>\n\t\t<div class=\"elementor-element elementor-element-659cbc2 e-flex e-con-boxed e-con e-child\" data-id=\"659cbc2\" data-element_type=\"container\" data-e-type=\"container\">\n\t\t\t\t\t<div class=\"e-con-inner\">\n\t\t\t\t<div class=\"elementor-element elementor-element-2303ac6 elementor-widget elementor-widget-text-editor\" data-id=\"2303ac6\" data-element_type=\"widget\" data-e-type=\"widget\" data-widget_type=\"text-editor.default\">\n\t\t\t\t<div class=\"elementor-widget-container\">\n\t\t\t\t\t\t\t\t\t<h3>Cultura, Bens Culturais e Comunica\u00e7\u00f5es Sociais<\/h3><div class=\"post-content\"><div class=\"post-content-inner et_pb_blog_show_content\"><table width=\"624\"><tbody><tr><td style=\"width: 130.922px;\"><em>Presidente<\/em><\/td><td style=\"width: 477.078px;\">D. Nuno Br\u00e1s da Silva Martins<\/td><\/tr><tr><td style=\"width: 130.922px;\"><em>Vogais<\/em><\/td><td style=\"width: 477.078px;\">D. Pio Gon\u00e7alo Alves de Sousa<br \/>D. Delfim Jorge Esteves Gomes<br \/>D. Joaquim Proen\u00e7a Dion\u00edsio<\/td><\/tr><tr><td style=\"width: 130.922px;\"><em>Secret\u00e1rio<\/em><\/td><td style=\"width: 477.078px;\">Dr. Paulo Fernando da Cruz Rocha<\/td><\/tr><\/tbody><\/table><\/div><\/div>\t\t\t\t\t\t\t\t<\/div>\n\t\t\t\t<\/div>\n\t\t\t\t<div class=\"elementor-element elementor-element-3ca6e4f elementor-widget elementor-widget-text-editor\" data-id=\"3ca6e4f\" data-element_type=\"widget\" data-e-type=\"widget\" data-widget_type=\"text-editor.default\">\n\t\t\t\t<div class=\"elementor-widget-container\">\n\t\t\t\t\t\t\t\t\t<h3 class=\"entry-title\">Liturgia e Espiritualidade<\/h3><div class=\"post-content\"><div class=\"post-content-inner et_pb_blog_show_content\"><table width=\"624\"><tbody><tr><td style=\"width: 132.906px;\"><em>Presidente<\/em><\/td><td style=\"width: 475.094px;\">D. Jos\u00e9 Manuel Garcia Cordeiro<\/td><\/tr><tr><td style=\"width: 132.906px;\"><em>Vogais<\/em><\/td><td style=\"width: 475.094px;\">D. Ant\u00f3nio Maria Bessa Taipa<br \/>D. Jos\u00e9 Jo\u00e3o dos Santos Marcos<\/td><\/tr><tr><td style=\"width: 132.906px;\"><em>Secret\u00e1rio<\/em><\/td><td style=\"width: 475.094px;\">P. Pedro Louren\u00e7o Ferreira<\/td><\/tr><\/tbody><\/table><\/div><\/div><div class=\"post-content\">\u00a0<\/div><div class=\"post-content\">\u00a0<\/div>\t\t\t\t\t\t\t\t<\/div>\n\t\t\t\t<\/div>\n\t\t\t\t<div class=\"elementor-element elementor-element-99f2c90 elementor-widget elementor-widget-text-editor\" data-id=\"99f2c90\" data-element_type=\"widget\" data-e-type=\"widget\" data-widget_type=\"text-editor.default\">\n\t\t\t\t<div class=\"elementor-widget-container\">\n\t\t\t\t\t\t\t\t\t<h3 class=\"entry-title\">Laicado e Fam\u00edlia<\/h3><div class=\"post-content\"><div class=\"post-content-inner et_pb_blog_show_content\"><table width=\"624\"><tbody><tr><td style=\"width: 133.875px;\"><em>Presidente<\/em><\/td><td style=\"width: 474.125px;\">D. Nuno Manuel dos Santos Almeida<\/td><\/tr><tr><td style=\"width: 133.875px;\"><em>Vogais<\/em><\/td><td style=\"width: 474.125px;\">D. Jos\u00e9 Augusto Traquina Maria<br \/>D. Francisco Jos\u00e9 Senra de Faria Coelho<br \/>D. Ant\u00f3nio Jos\u00e9 da Rocha Couto<br \/>D. Jorge Ferreira da Costa Ortiga<\/td><\/tr><tr><td style=\"width: 133.875px;\"><em>Secret\u00e1rio<\/em><\/td><td style=\"width: 474.125px;\">Dr. Jos\u00e9 Francisco Ribeiro da Cruz<\/td><\/tr><\/tbody><\/table><\/div><\/div><div class=\"post-content\">\u00a0<\/div>\t\t\t\t\t\t\t\t<\/div>\n\t\t\t\t<\/div>\n\t\t\t\t\t<\/div>\n\t\t\t\t<\/div>\n\t\t<div class=\"elementor-element elementor-element-c029e2c e-flex e-con-boxed e-con e-child\" data-id=\"c029e2c\" data-element_type=\"container\" data-e-type=\"container\">\n\t\t\t\t\t<div class=\"e-con-inner\">\n\t\t\t\t<div class=\"elementor-element elementor-element-7e6aee4 elementor-widget__width-initial elementor-widget elementor-widget-text-editor\" data-id=\"7e6aee4\" data-element_type=\"widget\" data-e-type=\"widget\" data-widget_type=\"text-editor.default\">\n\t\t\t\t<div class=\"elementor-widget-container\">\n\t\t\t\t\t\t\t\t\t<h3 class=\"entry-title\">Miss\u00e3o e Nova Evangeliza\u00e7\u00e3o<\/h3><div class=\"post-content\"><div class=\"post-content-inner et_pb_blog_show_content\"><table width=\"624\"><tbody><tr><td style=\"width: 135.812px;\"><em>Presidente<\/em><\/td><td style=\"width: 472.188px;\">D. Armando Esteves Domingues<\/td><\/tr><tr><td style=\"width: 135.812px;\"><em>Vogais<\/em><\/td><td style=\"width: 472.188px;\">D. Manuel da Rocha Fel\u00edcio<br \/>D. Rui Manuel Sousa Val\u00e9rio<br \/>D. Antonino Eug\u00e9nio Fernandes Dias<br \/>D. Ant\u00f3nio Jos\u00e9 Cavaco Carrilho<\/td><\/tr><tr><td style=\"width: 135.812px;\"><em>Secret\u00e1rio<\/em><\/td><td style=\"width: 472.188px;\">P. Jos\u00e9 Ant\u00f3nio Mendes Rebelo<\/td><\/tr><\/tbody><\/table><p>\u00a0<\/p><p>Esta Comiss\u00e3o tem uma Subcomiss\u00e3o de Di\u00e1logo Inter-religioso:<br \/><em>Diretor:<\/em>\u00a0P. Adelino Ascenso<\/p><\/div><\/div><div class=\"post-content\">\u00a0<\/div>\t\t\t\t\t\t\t\t<\/div>\n\t\t\t\t<\/div>\n\t\t\t\t\t<\/div>\n\t\t\t\t<\/div>\n\t\t\t\t\t<\/div>\n\t\t\t\t<\/div>\n\t\t\t\t\t<\/div>\n\t\t\t\t<\/div>\n\t\t\t\t<\/div>\n\t\t","protected":false},"excerpt":{"rendered":"<p>COMISS\u00d5ES EPISCOPAIS Tri\u00e9nio 2023 \/ 2026 Pastoral Social e Mobilidade Humana Presidente D. Jos\u00e9 Augusto Traquina Maria Vogais D. Joaquim [&hellip;]<\/p>\n","protected":false},"author":1,"featured_media":0,"parent":0,"menu_order":0,"comment_status":"closed","ping_status":"closed","template":"","meta":{"site-sidebar-layout":"no-sidebar","site-content-layout":"","ast-site-content-layout":"full-width-container","site-content-style":"default","site-sidebar-style":"default","ast-global-header-display":"","ast-banner-title-visibility":"","ast-main-header-display":"","ast-hfb-above-header-display":"","ast-hfb-below-header-display":"","ast-hfb-mobile-header-display":"","site-post-title":"disabled","ast-breadcrumbs-content":"","ast-featured-img":"disabled","footer-sml-layout":"","ast-disable-related-posts":"","theme-transparent-header-meta":"default","adv-header-id-meta":"","stick-header-meta":"","header-above-stick-meta":"","header-main-stick-meta":"","header-below-stick-meta":"","astra-migrate-meta-layouts":"set","ast-page-background-enabled":"default","ast-page-background-meta":{"desktop":{"background-color":"var(--ast-global-color-4)","background-image":"","background-repeat":"repeat","background-position":"center center","background-size":"auto","background-attachment":"scroll","background-type":"","background-media":"","overlay-type":"","overlay-color":"","overlay-opacity":"","overlay-gradient":""},"tablet":{"background-color":"","background-image":"","background-repeat":"repeat","background-position":"center center","background-size":"auto","background-attachment":"scroll","background-type":"","background-media":"","overlay-type":"","overlay-color":"","overlay-opacity":"","overlay-gradient":""},"mobile":{"background-color":"","background-image":"","background-repeat":"repeat","background-position":"center center","background-size":"auto","background-attachment":"scroll","background-type":"","background-media":"","overlay-type":"","overlay-color":"","overlay-opacity":"","overlay-gradient":""}},"ast-content-background-meta":{"desktop":{"background-color":"var(--ast-global-color-5)","background-image":"","background-repeat":"repeat","background-position":"center center","background-size":"auto","background-attachment":"scroll","background-type":"","background-media":"","overlay-type":"","overlay-color":"","overlay-opacity":"","overlay-gradient":""},"tablet":{"background-color":"var(--ast-global-color-5)","background-image":"","background-repeat":"repeat","background-position":"center center","background-size":"auto","background-attachment":"scroll","background-type":"","background-media":"","overlay-type":"","overlay-color":"","overlay-opacity":"","overlay-gradient":""},"mobile":{"background-color":"var(--ast-global-color-5)","background-image":"","background-repeat":"repeat","background-position":"center center","background-size":"auto","background-attachment":"scroll","background-type":"","background-media":"","overlay-type":"","overlay-color":"","overlay-opacity":"","overlay-gradient":""}},"footnotes":""},"class_list":["post-8413","page","type-page","status-publish","hentry"],"yoast_head":"<!-- This site is optimized with the Yoast SEO plugin v27.4 - https:\/\/yoast.com\/product\/yoast-seo-wordpress\/ -->\n<title>Comiss\u00f5es - Confer\u00eancia Episcopal Portuguesa<\/title>\n<meta name=\"robots\" content=\"index, follow, max-snippet:-1, max-image-preview:large, max-video-preview:-1\" \/>\n<link rel=\"canonical\" href=\"https:\/\/www.conferenciaepiscopal.pt\/v1\/comissoes\/\" \/>\n<meta property=\"og:locale\" content=\"pt_PT\" \/>\n<meta property=\"og:type\" content=\"article\" \/>\n<meta property=\"og:title\" content=\"Comiss\u00f5es - Confer\u00eancia Episcopal Portuguesa\" \/>\n<meta property=\"og:description\" content=\"COMISS\u00d5ES EPISCOPAIS Tri\u00e9nio 2023 \/ 2026 Pastoral Social e Mobilidade Humana Presidente D. Jos\u00e9 Augusto Traquina Maria Vogais D. Joaquim [&hellip;]\" \/>\n<meta property=\"og:url\" content=\"https:\/\/www.conferenciaepiscopal.pt\/v1\/comissoes\/\" \/>\n<meta property=\"og:site_name\" content=\"Confer\u00eancia Episcopal Portuguesa\" \/>\n<meta property=\"article:modified_time\" content=\"2024-02-22T15:47:24+00:00\" \/>\n<meta name=\"twitter:card\" content=\"summary_large_image\" \/>\n<meta name=\"twitter:label1\" content=\"Tempo estimado de leitura\" \/>\n\t<meta name=\"twitter:data1\" content=\"1 minuto\" \/>\n<script type=\"application\/ld+json\" class=\"yoast-schema-graph\">{\"@context\":\"https:\\\/\\\/schema.org\",\"@graph\":[{\"@type\":\"WebPage\",\"@id\":\"https:\\\/\\\/www.conferenciaepiscopal.pt\\\/v1\\\/comissoes\\\/\",\"url\":\"https:\\\/\\\/www.conferenciaepiscopal.pt\\\/v1\\\/comissoes\\\/\",\"name\":\"Comiss\u00f5es - Confer\u00eancia Episcopal Portuguesa\",\"isPartOf\":{\"@id\":\"https:\\\/\\\/www.conferenciaepiscopal.pt\\\/v1\\\/#website\"},\"datePublished\":\"2024-02-22T14:49:27+00:00\",\"dateModified\":\"2024-02-22T15:47:24+00:00\",\"breadcrumb\":{\"@id\":\"https:\\\/\\\/www.conferenciaepiscopal.pt\\\/v1\\\/comissoes\\\/#breadcrumb\"},\"inLanguage\":\"pt-PT\",\"potentialAction\":[{\"@type\":\"ReadAction\",\"target\":[\"https:\\\/\\\/www.conferenciaepiscopal.pt\\\/v1\\\/comissoes\\\/\"]}]},{\"@type\":\"BreadcrumbList\",\"@id\":\"https:\\\/\\\/www.conferenciaepiscopal.pt\\\/v1\\\/comissoes\\\/#breadcrumb\",\"itemListElement\":[{\"@type\":\"ListItem\",\"position\":1,\"name\":\"In\u00edcio\",\"item\":\"https:\\\/\\\/www.conferenciaepiscopal.pt\\\/v1\\\/\"},{\"@type\":\"ListItem\",\"position\":2,\"name\":\"Comiss\u00f5es\"}]},{\"@type\":\"WebSite\",\"@id\":\"https:\\\/\\\/www.conferenciaepiscopal.pt\\\/v1\\\/#website\",\"url\":\"https:\\\/\\\/www.conferenciaepiscopal.pt\\\/v1\\\/\",\"name\":\"Confer\u00eancia Episcopal Portuguesa\",\"description\":\"Igreja Cat\u00f3lica em Portugal\",\"publisher\":{\"@id\":\"https:\\\/\\\/www.conferenciaepiscopal.pt\\\/v1\\\/#organization\"},\"potentialAction\":[{\"@type\":\"SearchAction\",\"target\":{\"@type\":\"EntryPoint\",\"urlTemplate\":\"https:\\\/\\\/www.conferenciaepiscopal.pt\\\/v1\\\/?s={search_term_string}\"},\"query-input\":{\"@type\":\"PropertyValueSpecification\",\"valueRequired\":true,\"valueName\":\"search_term_string\"}}],\"inLanguage\":\"pt-PT\"},{\"@type\":\"Organization\",\"@id\":\"https:\\\/\\\/www.conferenciaepiscopal.pt\\\/v1\\\/#organization\",\"name\":\"Confer\u00eancia Episcopal Portuguesa\",\"url\":\"https:\\\/\\\/www.conferenciaepiscopal.pt\\\/v1\\\/\",\"logo\":{\"@type\":\"ImageObject\",\"inLanguage\":\"pt-PT\",\"@id\":\"https:\\\/\\\/www.conferenciaepiscopal.pt\\\/v1\\\/#\\\/schema\\\/logo\\\/image\\\/\",\"url\":\"https:\\\/\\\/www.conferenciaepiscopal.pt\\\/v1\\\/wp-content\\\/uploads\\\/cropped-logoTransparente.png\",\"contentUrl\":\"https:\\\/\\\/www.conferenciaepiscopal.pt\\\/v1\\\/wp-content\\\/uploads\\\/cropped-logoTransparente.png\",\"width\":512,\"height\":512,\"caption\":\"Confer\u00eancia Episcopal Portuguesa\"},\"image\":{\"@id\":\"https:\\\/\\\/www.conferenciaepiscopal.pt\\\/v1\\\/#\\\/schema\\\/logo\\\/image\\\/\"}}]}<\/script>\n<!-- \/ Yoast SEO plugin. -->","yoast_head_json":{"title":"Comiss\u00f5es - Confer\u00eancia Episcopal Portuguesa","robots":{"index":"index","follow":"follow","max-snippet":"max-snippet:-1","max-image-preview":"max-image-preview:large","max-video-preview":"max-video-preview:-1"},"canonical":"https:\/\/www.conferenciaepiscopal.pt\/v1\/comissoes\/","og_locale":"pt_PT","og_type":"article","og_title":"Comiss\u00f5es - Confer\u00eancia Episcopal Portuguesa","og_description":"COMISS\u00d5ES EPISCOPAIS Tri\u00e9nio 2023 \/ 2026 Pastoral Social e Mobilidade Humana Presidente D. Jos\u00e9 Augusto Traquina Maria Vogais D. Joaquim [&hellip;]","og_url":"https:\/\/www.conferenciaepiscopal.pt\/v1\/comissoes\/","og_site_name":"Confer\u00eancia Episcopal Portuguesa","article_modified_time":"2024-02-22T15:47:24+00:00","twitter_card":"summary_large_image","twitter_misc":{"Tempo estimado de leitura":"1 minuto"},"schema":{"@context":"https:\/\/schema.org","@graph":[{"@type":"WebPage","@id":"https:\/\/www.conferenciaepiscopal.pt\/v1\/comissoes\/","url":"https:\/\/www.conferenciaepiscopal.pt\/v1\/comissoes\/","name":"Comiss\u00f5es - Confer\u00eancia Episcopal Portuguesa","isPartOf":{"@id":"https:\/\/www.conferenciaepiscopal.pt\/v1\/#website"},"datePublished":"2024-02-22T14:49:27+00:00","dateModified":"2024-02-22T15:47:24+00:00","breadcrumb":{"@id":"https:\/\/www.conferenciaepiscopal.pt\/v1\/comissoes\/#breadcrumb"},"inLanguage":"pt-PT","potentialAction":[{"@type":"ReadAction","target":["https:\/\/www.conferenciaepiscopal.pt\/v1\/comissoes\/"]}]},{"@type":"BreadcrumbList","@id":"https:\/\/www.conferenciaepiscopal.pt\/v1\/comissoes\/#breadcrumb","itemListElement":[{"@type":"ListItem","position":1,"name":"In\u00edcio","item":"https:\/\/www.conferenciaepiscopal.pt\/v1\/"},{"@type":"ListItem","position":2,"name":"Comiss\u00f5es"}]},{"@type":"WebSite","@id":"https:\/\/www.conferenciaepiscopal.pt\/v1\/#website","url":"https:\/\/www.conferenciaepiscopal.pt\/v1\/","name":"Confer\u00eancia Episcopal Portuguesa","description":"Igreja Cat\u00f3lica em Portugal","publisher":{"@id":"https:\/\/www.conferenciaepiscopal.pt\/v1\/#organization"},"potentialAction":[{"@type":"SearchAction","target":{"@type":"EntryPoint","urlTemplate":"https:\/\/www.conferenciaepiscopal.pt\/v1\/?s={search_term_string}"},"query-input":{"@type":"PropertyValueSpecification","valueRequired":true,"valueName":"search_term_string"}}],"inLanguage":"pt-PT"},{"@type":"Organization","@id":"https:\/\/www.conferenciaepiscopal.pt\/v1\/#organization","name":"Confer\u00eancia Episcopal Portuguesa","url":"https:\/\/www.conferenciaepiscopal.pt\/v1\/","logo":{"@type":"ImageObject","inLanguage":"pt-PT","@id":"https:\/\/www.conferenciaepiscopal.pt\/v1\/#\/schema\/logo\/image\/","url":"https:\/\/www.conferenciaepiscopal.pt\/v1\/wp-content\/uploads\/cropped-logoTransparente.png","contentUrl":"https:\/\/www.conferenciaepiscopal.pt\/v1\/wp-content\/uploads\/cropped-logoTransparente.png","width":512,"height":512,"caption":"Confer\u00eancia Episcopal Portuguesa"},"image":{"@id":"https:\/\/www.conferenciaepiscopal.pt\/v1\/#\/schema\/logo\/image\/"}}]}},"_links":{"self":[{"href":"https:\/\/www.conferenciaepiscopal.pt\/v1\/wp-json\/wp\/v2\/pages\/8413","targetHints":{"allow":["GET"]}}],"collection":[{"href":"https:\/\/www.conferenciaepiscopal.pt\/v1\/wp-json\/wp\/v2\/pages"}],"about":[{"href":"https:\/\/www.conferenciaepiscopal.pt\/v1\/wp-json\/wp\/v2\/types\/page"}],"author":[{"embeddable":true,"href":"https:\/\/www.conferenciaepiscopal.pt\/v1\/wp-json\/wp\/v2\/users\/1"}],"replies":[{"embeddable":true,"href":"https:\/\/www.conferenciaepiscopal.pt\/v1\/wp-json\/wp\/v2\/comments?post=8413"}],"version-history":[{"count":8,"href":"https:\/\/www.conferenciaepiscopal.pt\/v1\/wp-json\/wp\/v2\/pages\/8413\/revisions"}],"predecessor-version":[{"id":8453,"href":"https:\/\/www.conferenciaepiscopal.pt\/v1\/wp-json\/wp\/v2\/pages\/8413\/revisions\/8453"}],"wp:attachment":[{"href":"https:\/\/www.conferenciaepiscopal.pt\/v1\/wp-json\/wp\/v2\/media?parent=8413"}],"curies":[{"name":"wp","href":"https:\/\/api.w.org\/{rel}","templated":true}]}}