{"id":452,"date":"2014-07-20T19:17:23","date_gmt":"2014-07-20T19:17:23","guid":{"rendered":"http:\/\/www.conferenciaepiscopal.pt\/v1\/?page_id=452"},"modified":"2024-02-23T10:57:19","modified_gmt":"2024-02-23T10:57:19","slug":"presidencia-ao-longo-da-historia","status":"publish","type":"page","link":"https:\/\/www.conferenciaepiscopal.pt\/v1\/presidencia-ao-longo-da-historia\/","title":{"rendered":"Presid\u00eancia ao longo da hist\u00f3ria"},"content":{"rendered":"\t\t<div data-elementor-type=\"wp-page\" data-elementor-id=\"452\" class=\"elementor elementor-452\" data-elementor-post-type=\"page\">\n\t\t\t\t<div class=\"elementor-element elementor-element-9c3c978 e-flex e-con-boxed e-con e-parent\" data-id=\"9c3c978\" data-element_type=\"container\" data-e-type=\"container\" data-settings=\"{&quot;background_background&quot;:&quot;classic&quot;}\">\n\t\t\t\t\t<div class=\"e-con-inner\">\n\t\t\t\t<div class=\"elementor-element elementor-element-6b0d51a elementor-widget elementor-widget-heading\" data-id=\"6b0d51a\" data-element_type=\"widget\" data-e-type=\"widget\" data-widget_type=\"heading.default\">\n\t\t\t\t<div class=\"elementor-widget-container\">\n\t\t\t\t\t<h2 class=\"elementor-heading-title elementor-size-default\">PRESID\u00caNCIA AO LONGO DA HIST\u00d3RIA<\/h2>\t\t\t\t<\/div>\n\t\t\t\t<\/div>\n\t\t\t\t\t<\/div>\n\t\t\t\t<\/div>\n\t\t<div class=\"elementor-element elementor-element-eca626c e-flex e-con-boxed e-con e-parent\" data-id=\"eca626c\" data-element_type=\"container\" data-e-type=\"container\">\n\t\t\t\t\t<div class=\"e-con-inner\">\n\t\t\t\t<div class=\"elementor-element elementor-element-ff586b0 elementor-widget elementor-widget-text-editor\" data-id=\"ff586b0\" data-element_type=\"widget\" data-e-type=\"widget\" data-widget_type=\"text-editor.default\">\n\t\t\t\t<div class=\"elementor-widget-container\">\n\t\t\t\t\t\t\t\t\t<h2 class=\"entry-title\"><a href=\"https:\/\/arquivo.pt\/wayback\/20230123173650mp_\/https:\/\/www.conferenciaepiscopal.pt\/v1\/composicao-trienal-dos-orgaos-da-conferencia-episcopal-de-2005-a-2014\/\">Composi\u00e7\u00e3o trienal dos \u00f3rg\u00e3os da confer\u00eancia episcopal de 2005 a 2017<\/a><\/h2><div class=\"post-content\"><div class=\"post-content-inner et_pb_blog_show_content\"><p><strong>1. Conselho Permanente<\/strong><\/p><table><tbody><tr><td><strong>\u00a0<\/strong><\/td><td><strong>2005\/2008<\/strong><\/td><td><strong>2008\/2011<\/strong><\/td><td><strong>2011\/2014<\/strong>\u00a0<a href=\"https:\/\/arquivo.pt\/wayback\/20230123173650mp_\/https:\/\/www.conferenciaepiscopal.pt\/v1\/presidencia-ao-longo-da-historia\/#_ftn1\" name=\"_ftnref1\">[1]<\/a><strong><a href=\"https:\/\/arquivo.pt\/wayback\/20230123173650mp_\/https:\/\/www.conferenciaepiscopal.pt\/v1\/presidencia-ao-longo-da-historia\/#_ftn1\" name=\"_ftnref1\"><\/a><\/strong><\/td><td><strong>2014\/2017<\/strong><\/td><\/tr><tr><td><strong>Presidente<\/strong><\/td><td>D. Jorge Ortiga<\/td><td>D. Jorge Ortiga<\/td><td>D. Jos\u00e9 Policarpo<\/td><td>D. Manuel Clemente<\/td><\/tr><tr><td><strong>Vice-Presidente<\/strong><\/td><td>D. Ant\u00f3nio Montes Moreira<\/td><td>D. Ant\u00f3nio Marto<\/td><td>D. Manuel Clemente<\/td><td>D. Ant\u00f3nio Marto<\/td><\/tr><tr><td><strong>Secret\u00e1rio<\/strong><\/td><td>D. Carlos Azevedo<\/td><td>P. Manuel Moruj\u00e3o<\/td><td>P. Manuel Moruj\u00e3o<\/td><td>P. Manuel Barbosa<\/td><\/tr><tr><td><strong>Vogais<\/strong><\/td><td>D. Jos\u00e9 Policarpo<br \/>D. Albino Cleto<br \/>D. Jos\u00e9 Francisco Alves<br \/>D. Ant\u00f3nio Marto<\/td><td>D. Jos\u00e9 Policarpo<br \/>D. Albino Cleto<br \/>D. Jos\u00e9 Francisco Alves<br \/>D. Gilberto dos Reis<br \/>D. Manuel Clemente<\/td><td>D. Jorge Ortiga<br \/>D. Gilberto dos Reis<br \/>D. Ant\u00f3nio Marto<br \/>D. Ant\u00f3nio Francisco<br \/>D. Manuel Quintas<\/td><td>D. Jorge Ortiga<br \/>D. Ant\u00f3nio Francisco<br \/>D. Jos\u00e9 Francisco Alves<br \/>D. Anacleto de Oliveira<br \/>D. Virg\u00edlio Antunes<\/td><\/tr><\/tbody><\/table><p>\u00a0<\/p><p><strong>2. Comiss\u00f5es Episcopais\u00a0<\/strong><a href=\"https:\/\/arquivo.pt\/wayback\/20230123173650mp_\/https:\/\/www.conferenciaepiscopal.pt\/v1\/presidencia-ao-longo-da-historia\/#_ftn2\" name=\"_ftnref2\">[2]<\/a><\/p><p><em>\u00a0 \u00a0 2.1. Nos anos 2005 a 2014<\/em><\/p><table><tbody><tr><td width=\"189\"><strong>\u00a0<\/strong><\/td><td width=\"189\"><strong>2005\/2008<\/strong><\/td><td width=\"189\"><strong>2008\/2011<\/strong><\/td><td width=\"189\"><strong>2011\/2014<\/strong><\/td><\/tr><tr><td width=\"189\"><strong>Educa\u00e7\u00e3o Crist\u00e3<\/strong><\/td><td width=\"189\">D. Tomaz Nunes<\/td><td width=\"189\">D. Tomaz Nunes<\/td><td width=\"189\">D. Ant\u00f3nio Francisco<\/td><\/tr><tr><td width=\"189\"><strong>Pastoral Social<\/strong><\/td><td width=\"189\">D. Jos\u00e9 Francisco Alves<\/td><td width=\"189\">D. Carlos Azevedo<\/td><td width=\"189\">D. Jorge Ortiga<\/td><\/tr><tr><td width=\"189\"><strong>Laicado e Fam\u00edlia<\/strong><\/td><td width=\"189\">D. Ant\u00f3nio Carrilho<\/td><td width=\"189\">D. Ant\u00f3nio Carrilho<\/td><td width=\"189\">D. Antonino Dias<\/td><\/tr><tr><td width=\"189\"><strong>Voca\u00e7\u00f5es e Minist\u00e9rios<\/strong><\/td><td width=\"189\">D. Ant\u00f3nio Francisco<\/td><td width=\"189\">D. Ant\u00f3nio Francisco<\/td><td width=\"189\">D. Virg\u00edlio Antunes<\/td><\/tr><tr><td width=\"189\"><strong>Cultura, Bens Culturais e Comunica\u00e7\u00e3o Social<\/strong><\/td><td width=\"189\">D. Manuel Clemente<\/td><td width=\"189\">D. Manuel Clemente<\/td><td width=\"189\">D. Pio Gon\u00e7alo de Sousa<\/td><\/tr><tr><td width=\"189\"><strong>Liturgia<\/strong><\/td><td width=\"189\">D. Ant\u00f3nio Taipa<\/td><td width=\"189\">D. Anacleto de Oliveira<\/td><td width=\"189\">D. Anacleto de Oliveira<\/td><\/tr><tr><td width=\"189\"><strong>Mobilidade Humana<\/strong><\/td><td width=\"189\">D. Ant\u00f3nio Vitalino<\/td><td width=\"189\">D. Ant\u00f3nio Vitalino<\/td><td width=\"189\">D. Ant\u00f3nio Couto<\/td><\/tr><tr><td width=\"189\"><strong>Miss\u00f5es<\/strong><\/td><td width=\"189\">D. Manuel Quintas<\/td><td width=\"189\">D. Ant\u00f3nio Couto<\/td><td width=\"189\">D. Manuel Quintas<\/td><\/tr><tr><td width=\"189\"><strong>Doutrina da F\u00e9<br \/>e Ecumenismo<\/strong><\/td><td width=\"189\">D. Ant\u00f3nio Marto<\/td><td width=\"189\">D. Manuel da Rocha Fel\u00edcio<\/td><td width=\"189\">D. Il\u00eddio Pinto Leandro<\/td><\/tr><\/tbody><\/table><p>\u00a0<\/p><p><em>2.2. Nos anos 2014 a 2017<\/em><\/p><table><tbody><tr><td><strong>\u00a0<\/strong><\/td><td><strong>2014\/2017<\/strong><\/td><\/tr><tr><td><strong>Educa\u00e7\u00e3o Crist\u00e3\u00a0e Doutrina da F\u00e9<\/strong><\/td><td>D. Manuel Pelino<\/td><\/tr><tr><td><strong>Pastoral Social\u00a0<\/strong><strong>e Mobilidade Humana<\/strong><\/td><td>D. Jorge Ortiga<\/td><\/tr><tr><td><strong>Laicado e Fam\u00edlia<\/strong><\/td><td>D. Antonino Dias<\/td><\/tr><tr><td><strong>Voca\u00e7\u00f5es e Minist\u00e9rios<\/strong><\/td><td>D. Virg\u00edlio Antunes<\/td><\/tr><tr><td><strong>Cultura, Bens Culturais e Comunica\u00e7\u00f5es Sociais<\/strong><\/td><td>D. Pio Gon\u00e7alo de Sousa<\/td><\/tr><tr><td><strong>Liturgia e Espiritualidade<\/strong><\/td><td>D. Jos\u00e9 Cordeiro<\/td><\/tr><tr><td><strong>Miss\u00e3o\u00a0e Nova Evangeliza\u00e7\u00e3o<\/strong><\/td><td>D. Manuel Linda<\/td><\/tr><\/tbody><\/table><p><strong>\u00a0<\/strong><\/p><p><strong>\u00a0<\/strong><\/p><p><strong>3. Delegados da Confer\u00eancia Episcopal Portuguesa<\/strong><\/p><table><tbody><tr><td><strong>\u00a0<\/strong><\/td><td><strong>2005\/2008<\/strong><\/td><td><strong>2008\/2011<\/strong><\/td><td><strong>2011\/2014<\/strong><\/td><td><strong>2014\/2017<\/strong><\/td><\/tr><tr><td><strong>Rela\u00e7\u00f5es Bispos\/Vida Consagrada<\/strong><\/td><td>D. Gilberto dos Reis<\/td><td>D. Ant\u00f3nio Montes Moreira<\/td><td>D. Manuel Quintas<\/td><td>D. Manuel Quintas<\/td><\/tr><tr><td><strong>Conselho Superior da UCP\u00a0<\/strong><a href=\"https:\/\/arquivo.pt\/wayback\/20230123173650mp_\/https:\/\/www.conferenciaepiscopal.pt\/v1\/presidencia-ao-longo-da-historia\/#_ftn3\" name=\"_ftnref3\">[3]<\/a><\/td><td>D. Jorge Ortiga<\/td><td>D. Jorge Ortiga<\/td><td>D. Jos\u00e9 Policarpo<\/td><td>D. Manuel Clemente<\/td><\/tr><tr><td><strong>CCEE\u00a0<\/strong><a href=\"https:\/\/arquivo.pt\/wayback\/20230123173650mp_\/https:\/\/www.conferenciaepiscopal.pt\/v1\/presidencia-ao-longo-da-historia\/#_ftn4\" name=\"_ftnref4\">[4]<\/a><\/td><td>D. Jorge Ortiga<\/td><td>D. Jorge Ortiga<\/td><td>D. Jos\u00e9 Policarpo<\/td><td>D. Manuel Clemente<\/td><\/tr><tr><td><strong>COMECE\u00a0<\/strong><a href=\"https:\/\/arquivo.pt\/wayback\/20230123173650mp_\/https:\/\/www.conferenciaepiscopal.pt\/v1\/presidencia-ao-longo-da-historia\/#_ftn5\" name=\"_ftnref5\">[5]<\/a><\/td><td>D. Am\u00e2ndio Tom\u00e1s<\/td><td>D. Am\u00e2ndio Tom\u00e1s<\/td><td>D. Ant\u00f3nio Marto<\/td><td>D. Ant\u00f3nio Marto<\/td><\/tr><tr><td><strong>Pontif\u00edcio Col\u00e9gio Portugu\u00eas\u00a0<\/strong><a href=\"https:\/\/arquivo.pt\/wayback\/20230123173650mp_\/https:\/\/www.conferenciaepiscopal.pt\/v1\/presidencia-ao-longo-da-historia\/#_ftn6\" name=\"_ftnref6\">[6]<\/a><\/td><td>D. Jorge Ortiga<\/td><td>D. Jorge Ortiga<\/td><td>D. Jos\u00e9 Policarpo<\/td><td>D. Manuel Clemente<\/td><\/tr><\/tbody><\/table><p>\u00a0<\/p><p><a href=\"https:\/\/arquivo.pt\/wayback\/20230123173650mp_\/https:\/\/www.conferenciaepiscopal.pt\/v1\/presidencia-ao-longo-da-historia\/#_ftnref1\" name=\"_ftn1\">[1]<\/a>\u00a0Em junho de 2013 foram eleitos\u00a0<em>Presidente:<\/em>\u00a0D. Manuel Clemente,\u00a0<em>Vice-Presidente:<\/em>\u00a0D. Ant\u00f3nio Marto e\u00a0<em>Vogal:<\/em>\u00a0D. Ant\u00f3nio Couto.<br \/><a href=\"https:\/\/arquivo.pt\/wayback\/20230123173650mp_\/https:\/\/www.conferenciaepiscopal.pt\/v1\/presidencia-ao-longo-da-historia\/#_ftnref2\" name=\"_ftn2\">[2]<\/a>\u00a0Indica-se apenas o nome do Presidente da Comiss\u00e3o Episcopal.<br \/><a href=\"https:\/\/arquivo.pt\/wayback\/20230123173650mp_\/https:\/\/www.conferenciaepiscopal.pt\/v1\/presidencia-ao-longo-da-historia\/#_ftnref3\" name=\"_ftn3\">[3]<\/a>\u00a0UCP \u2013 Universidade Cat\u00f3lica Portuguesa.<br \/><a href=\"https:\/\/arquivo.pt\/wayback\/20230123173650mp_\/https:\/\/www.conferenciaepiscopal.pt\/v1\/presidencia-ao-longo-da-historia\/#_ftnref4\" name=\"_ftn4\">[4]<\/a>\u00a0CEE \u2013 Conselho das Confer\u00eancias Episcopais Europeias.<br \/><a href=\"https:\/\/arquivo.pt\/wayback\/20230123173650mp_\/https:\/\/www.conferenciaepiscopal.pt\/v1\/presidencia-ao-longo-da-historia\/#_ftnref5\" name=\"_ftn5\">[5]<\/a>\u00a0COMECE \u2013 Comiss\u00e3o dos Episcopados da Uni\u00e3o Europeia.<br \/><a href=\"https:\/\/arquivo.pt\/wayback\/20230123173650mp_\/https:\/\/www.conferenciaepiscopal.pt\/v1\/presidencia-ao-longo-da-historia\/#_ftnref6\" name=\"_ftn6\">[6]<\/a>\u00a0Pontif\u00edcio Col\u00e9gio Portugu\u00eas \u2013 sito em Roma.<\/p><\/div><\/div>\t\t\t\t\t\t\t\t<\/div>\n\t\t\t\t<\/div>\n\t\t\t\t\t<\/div>\n\t\t\t\t<\/div>\n\t\t\t\t<\/div>\n\t\t","protected":false},"excerpt":{"rendered":"<p>PRESID\u00caNCIA AO LONGO DA HIST\u00d3RIA Composi\u00e7\u00e3o trienal dos \u00f3rg\u00e3os da confer\u00eancia episcopal de 2005 a 2017 1. Conselho Permanente \u00a0 [&hellip;]<\/p>\n","protected":false},"author":1,"featured_media":0,"parent":0,"menu_order":0,"comment_status":"closed","ping_status":"open","template":"","meta":{"site-sidebar-layout":"default","site-content-layout":"","ast-site-content-layout":"full-width-container","site-content-style":"default","site-sidebar-style":"default","ast-global-header-display":"","ast-banner-title-visibility":"","ast-main-header-display":"","ast-hfb-above-header-display":"","ast-hfb-below-header-display":"","ast-hfb-mobile-header-display":"","site-post-title":"","ast-breadcrumbs-content":"","ast-featured-img":"","footer-sml-layout":"","ast-disable-related-posts":"","theme-transparent-header-meta":"default","adv-header-id-meta":"","stick-header-meta":"","header-above-stick-meta":"","header-main-stick-meta":"","header-below-stick-meta":"","astra-migrate-meta-layouts":"set","ast-page-background-enabled":"default","ast-page-background-meta":{"desktop":{"background-color":"var(--ast-global-color-4)","background-image":"","background-repeat":"repeat","background-position":"center center","background-size":"auto","background-attachment":"scroll","background-type":"","background-media":"","overlay-type":"","overlay-color":"","overlay-opacity":"","overlay-gradient":""},"tablet":{"background-color":"","background-image":"","background-repeat":"repeat","background-position":"center center","background-size":"auto","background-attachment":"scroll","background-type":"","background-media":"","overlay-type":"","overlay-color":"","overlay-opacity":"","overlay-gradient":""},"mobile":{"background-color":"","background-image":"","background-repeat":"repeat","background-position":"center center","background-size":"auto","background-attachment":"scroll","background-type":"","background-media":"","overlay-type":"","overlay-color":"","overlay-opacity":"","overlay-gradient":""}},"ast-content-background-meta":{"desktop":{"background-color":"var(--ast-global-color-5)","background-image":"","background-repeat":"repeat","background-position":"center center","background-size":"auto","background-attachment":"scroll","background-type":"","background-media":"","overlay-type":"","overlay-color":"","overlay-opacity":"","overlay-gradient":""},"tablet":{"background-color":"var(--ast-global-color-5)","background-image":"","background-repeat":"repeat","background-position":"center center","background-size":"auto","background-attachment":"scroll","background-type":"","background-media":"","overlay-type":"","overlay-color":"","overlay-opacity":"","overlay-gradient":""},"mobile":{"background-color":"var(--ast-global-color-5)","background-image":"","background-repeat":"repeat","background-position":"center center","background-size":"auto","background-attachment":"scroll","background-type":"","background-media":"","overlay-type":"","overlay-color":"","overlay-opacity":"","overlay-gradient":""}},"footnotes":""},"class_list":["post-452","page","type-page","status-publish","hentry"],"yoast_head":"<!-- This site is optimized with the Yoast SEO plugin v27.4 - https:\/\/yoast.com\/product\/yoast-seo-wordpress\/ -->\n<title>Presid\u00eancia ao longo da hist\u00f3ria - Confer\u00eancia Episcopal Portuguesa<\/title>\n<meta name=\"robots\" content=\"index, follow, max-snippet:-1, max-image-preview:large, max-video-preview:-1\" \/>\n<link rel=\"canonical\" href=\"https:\/\/www.conferenciaepiscopal.pt\/v1\/presidencia-ao-longo-da-historia\/\" \/>\n<meta property=\"og:locale\" content=\"pt_PT\" \/>\n<meta property=\"og:type\" content=\"article\" \/>\n<meta property=\"og:title\" content=\"Presid\u00eancia ao longo da hist\u00f3ria - Confer\u00eancia Episcopal Portuguesa\" \/>\n<meta property=\"og:description\" content=\"PRESID\u00caNCIA AO LONGO DA HIST\u00d3RIA Composi\u00e7\u00e3o trienal dos \u00f3rg\u00e3os da confer\u00eancia episcopal de 2005 a 2017 1. Conselho Permanente \u00a0 [&hellip;]\" \/>\n<meta property=\"og:url\" content=\"https:\/\/www.conferenciaepiscopal.pt\/v1\/presidencia-ao-longo-da-historia\/\" \/>\n<meta property=\"og:site_name\" content=\"Confer\u00eancia Episcopal Portuguesa\" \/>\n<meta property=\"article:modified_time\" content=\"2024-02-23T10:57:19+00:00\" \/>\n<meta name=\"twitter:card\" content=\"summary_large_image\" \/>\n<meta name=\"twitter:label1\" content=\"Tempo estimado de leitura\" \/>\n\t<meta name=\"twitter:data1\" content=\"2 minutos\" \/>\n<script type=\"application\/ld+json\" class=\"yoast-schema-graph\">{\"@context\":\"https:\\\/\\\/schema.org\",\"@graph\":[{\"@type\":\"WebPage\",\"@id\":\"https:\\\/\\\/www.conferenciaepiscopal.pt\\\/v1\\\/presidencia-ao-longo-da-historia\\\/\",\"url\":\"https:\\\/\\\/www.conferenciaepiscopal.pt\\\/v1\\\/presidencia-ao-longo-da-historia\\\/\",\"name\":\"Presid\u00eancia ao longo da hist\u00f3ria - Confer\u00eancia Episcopal Portuguesa\",\"isPartOf\":{\"@id\":\"https:\\\/\\\/www.conferenciaepiscopal.pt\\\/v1\\\/#website\"},\"datePublished\":\"2014-07-20T19:17:23+00:00\",\"dateModified\":\"2024-02-23T10:57:19+00:00\",\"breadcrumb\":{\"@id\":\"https:\\\/\\\/www.conferenciaepiscopal.pt\\\/v1\\\/presidencia-ao-longo-da-historia\\\/#breadcrumb\"},\"inLanguage\":\"pt-PT\",\"potentialAction\":[{\"@type\":\"ReadAction\",\"target\":[\"https:\\\/\\\/www.conferenciaepiscopal.pt\\\/v1\\\/presidencia-ao-longo-da-historia\\\/\"]}]},{\"@type\":\"BreadcrumbList\",\"@id\":\"https:\\\/\\\/www.conferenciaepiscopal.pt\\\/v1\\\/presidencia-ao-longo-da-historia\\\/#breadcrumb\",\"itemListElement\":[{\"@type\":\"ListItem\",\"position\":1,\"name\":\"In\u00edcio\",\"item\":\"https:\\\/\\\/www.conferenciaepiscopal.pt\\\/v1\\\/\"},{\"@type\":\"ListItem\",\"position\":2,\"name\":\"Presid\u00eancia ao longo da hist\u00f3ria\"}]},{\"@type\":\"WebSite\",\"@id\":\"https:\\\/\\\/www.conferenciaepiscopal.pt\\\/v1\\\/#website\",\"url\":\"https:\\\/\\\/www.conferenciaepiscopal.pt\\\/v1\\\/\",\"name\":\"Confer\u00eancia Episcopal Portuguesa\",\"description\":\"Igreja Cat\u00f3lica em Portugal\",\"publisher\":{\"@id\":\"https:\\\/\\\/www.conferenciaepiscopal.pt\\\/v1\\\/#organization\"},\"potentialAction\":[{\"@type\":\"SearchAction\",\"target\":{\"@type\":\"EntryPoint\",\"urlTemplate\":\"https:\\\/\\\/www.conferenciaepiscopal.pt\\\/v1\\\/?s={search_term_string}\"},\"query-input\":{\"@type\":\"PropertyValueSpecification\",\"valueRequired\":true,\"valueName\":\"search_term_string\"}}],\"inLanguage\":\"pt-PT\"},{\"@type\":\"Organization\",\"@id\":\"https:\\\/\\\/www.conferenciaepiscopal.pt\\\/v1\\\/#organization\",\"name\":\"Confer\u00eancia Episcopal Portuguesa\",\"url\":\"https:\\\/\\\/www.conferenciaepiscopal.pt\\\/v1\\\/\",\"logo\":{\"@type\":\"ImageObject\",\"inLanguage\":\"pt-PT\",\"@id\":\"https:\\\/\\\/www.conferenciaepiscopal.pt\\\/v1\\\/#\\\/schema\\\/logo\\\/image\\\/\",\"url\":\"https:\\\/\\\/www.conferenciaepiscopal.pt\\\/v1\\\/wp-content\\\/uploads\\\/cropped-logoTransparente.png\",\"contentUrl\":\"https:\\\/\\\/www.conferenciaepiscopal.pt\\\/v1\\\/wp-content\\\/uploads\\\/cropped-logoTransparente.png\",\"width\":512,\"height\":512,\"caption\":\"Confer\u00eancia Episcopal Portuguesa\"},\"image\":{\"@id\":\"https:\\\/\\\/www.conferenciaepiscopal.pt\\\/v1\\\/#\\\/schema\\\/logo\\\/image\\\/\"}}]}<\/script>\n<!-- \/ Yoast SEO plugin. -->","yoast_head_json":{"title":"Presid\u00eancia ao longo da hist\u00f3ria - Confer\u00eancia Episcopal Portuguesa","robots":{"index":"index","follow":"follow","max-snippet":"max-snippet:-1","max-image-preview":"max-image-preview:large","max-video-preview":"max-video-preview:-1"},"canonical":"https:\/\/www.conferenciaepiscopal.pt\/v1\/presidencia-ao-longo-da-historia\/","og_locale":"pt_PT","og_type":"article","og_title":"Presid\u00eancia ao longo da hist\u00f3ria - Confer\u00eancia Episcopal Portuguesa","og_description":"PRESID\u00caNCIA AO LONGO DA HIST\u00d3RIA Composi\u00e7\u00e3o trienal dos \u00f3rg\u00e3os da confer\u00eancia episcopal de 2005 a 2017 1. Conselho Permanente \u00a0 [&hellip;]","og_url":"https:\/\/www.conferenciaepiscopal.pt\/v1\/presidencia-ao-longo-da-historia\/","og_site_name":"Confer\u00eancia Episcopal Portuguesa","article_modified_time":"2024-02-23T10:57:19+00:00","twitter_card":"summary_large_image","twitter_misc":{"Tempo estimado de leitura":"2 minutos"},"schema":{"@context":"https:\/\/schema.org","@graph":[{"@type":"WebPage","@id":"https:\/\/www.conferenciaepiscopal.pt\/v1\/presidencia-ao-longo-da-historia\/","url":"https:\/\/www.conferenciaepiscopal.pt\/v1\/presidencia-ao-longo-da-historia\/","name":"Presid\u00eancia ao longo da hist\u00f3ria - Confer\u00eancia Episcopal Portuguesa","isPartOf":{"@id":"https:\/\/www.conferenciaepiscopal.pt\/v1\/#website"},"datePublished":"2014-07-20T19:17:23+00:00","dateModified":"2024-02-23T10:57:19+00:00","breadcrumb":{"@id":"https:\/\/www.conferenciaepiscopal.pt\/v1\/presidencia-ao-longo-da-historia\/#breadcrumb"},"inLanguage":"pt-PT","potentialAction":[{"@type":"ReadAction","target":["https:\/\/www.conferenciaepiscopal.pt\/v1\/presidencia-ao-longo-da-historia\/"]}]},{"@type":"BreadcrumbList","@id":"https:\/\/www.conferenciaepiscopal.pt\/v1\/presidencia-ao-longo-da-historia\/#breadcrumb","itemListElement":[{"@type":"ListItem","position":1,"name":"In\u00edcio","item":"https:\/\/www.conferenciaepiscopal.pt\/v1\/"},{"@type":"ListItem","position":2,"name":"Presid\u00eancia ao longo da hist\u00f3ria"}]},{"@type":"WebSite","@id":"https:\/\/www.conferenciaepiscopal.pt\/v1\/#website","url":"https:\/\/www.conferenciaepiscopal.pt\/v1\/","name":"Confer\u00eancia Episcopal Portuguesa","description":"Igreja Cat\u00f3lica em Portugal","publisher":{"@id":"https:\/\/www.conferenciaepiscopal.pt\/v1\/#organization"},"potentialAction":[{"@type":"SearchAction","target":{"@type":"EntryPoint","urlTemplate":"https:\/\/www.conferenciaepiscopal.pt\/v1\/?s={search_term_string}"},"query-input":{"@type":"PropertyValueSpecification","valueRequired":true,"valueName":"search_term_string"}}],"inLanguage":"pt-PT"},{"@type":"Organization","@id":"https:\/\/www.conferenciaepiscopal.pt\/v1\/#organization","name":"Confer\u00eancia Episcopal Portuguesa","url":"https:\/\/www.conferenciaepiscopal.pt\/v1\/","logo":{"@type":"ImageObject","inLanguage":"pt-PT","@id":"https:\/\/www.conferenciaepiscopal.pt\/v1\/#\/schema\/logo\/image\/","url":"https:\/\/www.conferenciaepiscopal.pt\/v1\/wp-content\/uploads\/cropped-logoTransparente.png","contentUrl":"https:\/\/www.conferenciaepiscopal.pt\/v1\/wp-content\/uploads\/cropped-logoTransparente.png","width":512,"height":512,"caption":"Confer\u00eancia Episcopal Portuguesa"},"image":{"@id":"https:\/\/www.conferenciaepiscopal.pt\/v1\/#\/schema\/logo\/image\/"}}]}},"_links":{"self":[{"href":"https:\/\/www.conferenciaepiscopal.pt\/v1\/wp-json\/wp\/v2\/pages\/452","targetHints":{"allow":["GET"]}}],"collection":[{"href":"https:\/\/www.conferenciaepiscopal.pt\/v1\/wp-json\/wp\/v2\/pages"}],"about":[{"href":"https:\/\/www.conferenciaepiscopal.pt\/v1\/wp-json\/wp\/v2\/types\/page"}],"author":[{"embeddable":true,"href":"https:\/\/www.conferenciaepiscopal.pt\/v1\/wp-json\/wp\/v2\/users\/1"}],"replies":[{"embeddable":true,"href":"https:\/\/www.conferenciaepiscopal.pt\/v1\/wp-json\/wp\/v2\/comments?post=452"}],"version-history":[{"count":10,"href":"https:\/\/www.conferenciaepiscopal.pt\/v1\/wp-json\/wp\/v2\/pages\/452\/revisions"}],"predecessor-version":[{"id":8505,"href":"https:\/\/www.conferenciaepiscopal.pt\/v1\/wp-json\/wp\/v2\/pages\/452\/revisions\/8505"}],"wp:attachment":[{"href":"https:\/\/www.conferenciaepiscopal.pt\/v1\/wp-json\/wp\/v2\/media?parent=452"}],"curies":[{"name":"wp","href":"https:\/\/api.w.org\/{rel}","templated":true}]}}